{"id":4128,"date":"2023-02-13T13:39:09","date_gmt":"2023-02-13T16:39:09","guid":{"rendered":"https:\/\/eventosfcdlmg.org.br\/ce2023\/?page_id=4128"},"modified":"2023-02-15T19:47:45","modified_gmt":"2023-02-15T22:47:45","slug":"local-do-evento","status":"publish","type":"page","link":"https:\/\/eventosfcdlmg.org.br\/ce2023\/local-do-evento\/","title":{"rendered":"Local do Evento"},"content":{"rendered":"\t\t<div data-elementor-type=\"wp-page\" data-elementor-id=\"4128\" class=\"elementor elementor-4128\">\n\t\t\t\t\t\t\t\t\t<section class=\"elementor-section elementor-top-section elementor-element elementor-element-0f942ce elementor-section-boxed elementor-section-height-default elementor-section-height-default\" data-id=\"0f942ce\" data-element_type=\"section\">\n\t\t\t\t\t\t<div class=\"elementor-container elementor-column-gap-default\">\n\t\t\t\t\t<div class=\"elementor-column elementor-col-100 elementor-top-column elementor-element elementor-element-65b2087\" data-id=\"65b2087\" data-element_type=\"column\">\n\t\t\t<div class=\"elementor-widget-wrap elementor-element-populated\">\n\t\t\t\t\t\t\t\t<div class=\"elementor-element elementor-element-093827d elementor-widget elementor-widget-heading\" data-id=\"093827d\" data-element_type=\"widget\" data-widget_type=\"heading.default\">\n\t\t\t\t<div class=\"elementor-widget-container\">\n\t\t\t<style>\/*! elementor - v3.7.8 - 02-10-2022 *\/\n.elementor-heading-title{padding:0;margin:0;line-height:1}.elementor-widget-heading .elementor-heading-title[class*=elementor-size-]>a{color:inherit;font-size:inherit;line-height:inherit}.elementor-widget-heading .elementor-heading-title.elementor-size-small{font-size:15px}.elementor-widget-heading .elementor-heading-title.elementor-size-medium{font-size:19px}.elementor-widget-heading .elementor-heading-title.elementor-size-large{font-size:29px}.elementor-widget-heading .elementor-heading-title.elementor-size-xl{font-size:39px}.elementor-widget-heading .elementor-heading-title.elementor-size-xxl{font-size:59px}<\/style><h2 class=\"elementor-heading-title elementor-size-default\">Minascentro, Belo Horizonte<\/h2>\t\t<\/div>\n\t\t\t\t<\/div>\n\t\t\t\t\t<\/div>\n\t\t<\/div>\n\t\t\t\t\t\t\t<\/div>\n\t\t<\/section>\n\t\t\t\t<section class=\"elementor-section elementor-top-section elementor-element elementor-element-661f25a elementor-section-boxed elementor-section-height-default elementor-section-height-default\" data-id=\"661f25a\" data-element_type=\"section\">\n\t\t\t\t\t\t<div class=\"elementor-container elementor-column-gap-default\">\n\t\t\t\t\t<div class=\"elementor-column elementor-col-100 elementor-top-column elementor-element elementor-element-25acefc\" data-id=\"25acefc\" data-element_type=\"column\">\n\t\t\t<div class=\"elementor-widget-wrap elementor-element-populated\">\n\t\t\t\t\t\t\t\t<div class=\"elementor-element elementor-element-d673355 elementor-widget elementor-widget-text-editor\" data-id=\"d673355\" data-element_type=\"widget\" data-widget_type=\"text-editor.default\">\n\t\t\t\t<div class=\"elementor-widget-container\">\n\t\t\t<style>\/*! elementor - v3.7.8 - 02-10-2022 *\/\n.elementor-widget-text-editor.elementor-drop-cap-view-stacked .elementor-drop-cap{background-color:#818a91;color:#fff}.elementor-widget-text-editor.elementor-drop-cap-view-framed .elementor-drop-cap{color:#818a91;border:3px solid;background-color:transparent}.elementor-widget-text-editor:not(.elementor-drop-cap-view-default) .elementor-drop-cap{margin-top:8px}.elementor-widget-text-editor:not(.elementor-drop-cap-view-default) .elementor-drop-cap-letter{width:1em;height:1em}.elementor-widget-text-editor .elementor-drop-cap{float:left;text-align:center;line-height:1;font-size:50px}.elementor-widget-text-editor .elementor-drop-cap-letter{display:inline-block}<\/style>\t\t\t\t<p>Considerado patrim\u00f4nio municipal, o edif\u00edcio tem sua fachada tombada, mas seu interior \u00e9 vers\u00e1til, adapt\u00e1vel e preparado para abrigar eventos de diversos formatos.<\/p>\t\t\t\t\t\t<\/div>\n\t\t\t\t<\/div>\n\t\t\t\t\t<\/div>\n\t\t<\/div>\n\t\t\t\t\t\t\t<\/div>\n\t\t<\/section>\n\t\t\t\t<section class=\"elementor-section elementor-top-section elementor-element elementor-element-7951f5e elementor-section-boxed elementor-section-height-default elementor-section-height-default\" data-id=\"7951f5e\" data-element_type=\"section\">\n\t\t\t\t\t\t<div class=\"elementor-container elementor-column-gap-default\">\n\t\t\t\t\t<div class=\"elementor-column elementor-col-100 elementor-top-column elementor-element elementor-element-ccbf036\" data-id=\"ccbf036\" data-element_type=\"column\">\n\t\t\t<div class=\"elementor-widget-wrap elementor-element-populated\">\n\t\t\t\t\t\t\t\t<div class=\"elementor-element elementor-element-44276c0 elementor-widget elementor-widget-rt-video-with-title\" data-id=\"44276c0\" data-element_type=\"widget\" data-widget_type=\"rt-video-with-title.default\">\n\t\t\t\t<div class=\"elementor-widget-container\">\n\t\t\t\t<div class=\"about-layout2 rtin-layout1\">\n\t\t<div class=\"media align-items-center media-none--md\">\n\t\t    <div class=\"video-area overlay-primary80\">\n\t\t       <img loading=\"lazy\" decoding=\"async\" width=\"570\" height=\"380\" src=\"https:\/\/eventosfcdlmg.org.br\/ce2023\/wp-content\/uploads\/2023\/02\/minasCMG-570x380.jpg\" class=\"attachment-eventalk-size3 size-eventalk-size3\" alt=\"\" \/>\t\t        <a class=\"play-btn popup-youtube\" href=\"https:\/\/www.youtube.com\/watch?v=pr3txrzzWC4\">\n\t\t            <img decoding=\"async\" src=\"https:\/\/eventosfcdlmg.org.br\/ce2023\/wp-content\/themes\/eventalk\/assets\/img\/play.png\" alt=\"play\" class=\"img-fluid\">\n\t\t        <\/a>\n\t\t        \t\t    <\/div>\n\t\t    <div class=\"media-body media-body-box\">\n\t\t        <h3 class=\"title-bold color-primary margin-b-20\"><\/h3>\n\t\t        <h4 class=\"title-medium color-dark\"><\/h4>\n\t\t        <p><p>O evento ser\u00e1 realizado no Centro de Conven\u00e7\u00f5es do Minascentro, localizado no centro da cidade e ocupa um quarteir\u00e3o inteiro, entre as ruas Curitiba, Guajajaras, e Santa Catarina.<\/p><p><strong><br \/>Endere\u00e7o: <\/strong>Av. Augusto de Lima, 785 - Centro, Belo Horizonte - MG<\/p><\/p>\n\t\t\t\t\t\t\t\t\t<div class=\"rtin-button\"><a class=\"btn-fill size-md border-radius-5 color-yellow\" href=\"https:\/\/www.minascentro.net\/\" target=\"_blank\">Conhe\u00e7a o local<\/a><\/div>\t\t\n\t\t\t\t\t\t    <\/div>\n\t\t<\/div>\n\t<\/div>\t\t<\/div>\n\t\t\t\t<\/div>\n\t\t\t\t\t<\/div>\n\t\t<\/div>\n\t\t\t\t\t\t\t<\/div>\n\t\t<\/section>\n\t\t\t\t<section class=\"elementor-section elementor-top-section elementor-element elementor-element-bfeb95b elementor-section-boxed elementor-section-height-default elementor-section-height-default\" data-id=\"bfeb95b\" data-element_type=\"section\">\n\t\t\t\t\t\t<div class=\"elementor-container elementor-column-gap-default\">\n\t\t\t\t\t<div class=\"elementor-column elementor-col-100 elementor-top-column elementor-element elementor-element-aa5fb27\" data-id=\"aa5fb27\" data-element_type=\"column\">\n\t\t\t<div class=\"elementor-widget-wrap elementor-element-populated\">\n\t\t\t\t\t\t\t\t<div class=\"elementor-element elementor-element-90c8275 elementor-widget elementor-widget-heading\" data-id=\"90c8275\" data-element_type=\"widget\" data-widget_type=\"heading.default\">\n\t\t\t\t<div class=\"elementor-widget-container\">\n\t\t\t<h3 class=\"elementor-heading-title elementor-size-default\">Fotos do local<\/h3>\t\t<\/div>\n\t\t\t\t<\/div>\n\t\t\t\t\t<\/div>\n\t\t<\/div>\n\t\t\t\t\t\t\t<\/div>\n\t\t<\/section>\n\t\t\t\t<section class=\"elementor-section elementor-top-section elementor-element elementor-element-4a9bbb4 elementor-section-boxed elementor-section-height-default elementor-section-height-default\" data-id=\"4a9bbb4\" data-element_type=\"section\">\n\t\t\t\t\t\t<div class=\"elementor-container elementor-column-gap-default\">\n\t\t\t\t\t<div class=\"elementor-column elementor-col-100 elementor-top-column elementor-element elementor-element-7fd5ac3\" data-id=\"7fd5ac3\" data-element_type=\"column\">\n\t\t\t<div class=\"elementor-widget-wrap elementor-element-populated\">\n\t\t\t\t\t\t\t\t<div class=\"elementor-element elementor-element-9ed4775 gallery-spacing-custom elementor-widget elementor-widget-image-gallery\" data-id=\"9ed4775\" data-element_type=\"widget\" data-widget_type=\"image-gallery.default\">\n\t\t\t\t<div class=\"elementor-widget-container\">\n\t\t\t<style>\/*! elementor - v3.7.8 - 02-10-2022 *\/\n.elementor-image-gallery .gallery-item{display:inline-block;text-align:center;vertical-align:top;width:100%;max-width:100%;margin:0 auto}.elementor-image-gallery .gallery-item img{margin:0 auto}.elementor-image-gallery .gallery-item .gallery-caption{margin:0}.elementor-image-gallery figure img{display:block}.elementor-image-gallery figure figcaption{width:100%}.gallery-spacing-custom .elementor-image-gallery .gallery-icon{padding:0}@media (min-width:768px){.elementor-image-gallery .gallery-columns-2 .gallery-item{max-width:50%}.elementor-image-gallery .gallery-columns-3 .gallery-item{max-width:33.33%}.elementor-image-gallery .gallery-columns-4 .gallery-item{max-width:25%}.elementor-image-gallery .gallery-columns-5 .gallery-item{max-width:20%}.elementor-image-gallery .gallery-columns-6 .gallery-item{max-width:16.666%}.elementor-image-gallery .gallery-columns-7 .gallery-item{max-width:14.28%}.elementor-image-gallery .gallery-columns-8 .gallery-item{max-width:12.5%}.elementor-image-gallery .gallery-columns-9 .gallery-item{max-width:11.11%}.elementor-image-gallery .gallery-columns-10 .gallery-item{max-width:10%}}@media (min-width:480px) and (max-width:767px){.elementor-image-gallery .gallery.gallery-columns-2 .gallery-item,.elementor-image-gallery .gallery.gallery-columns-3 .gallery-item,.elementor-image-gallery .gallery.gallery-columns-4 .gallery-item,.elementor-image-gallery .gallery.gallery-columns-5 .gallery-item,.elementor-image-gallery .gallery.gallery-columns-6 .gallery-item,.elementor-image-gallery .gallery.gallery-columns-7 .gallery-item,.elementor-image-gallery .gallery.gallery-columns-8 .gallery-item,.elementor-image-gallery .gallery.gallery-columns-9 .gallery-item,.elementor-image-gallery .gallery.gallery-columns-10 .gallery-item{max-width:50%}}@media (max-width:479px){.elementor-image-gallery .gallery.gallery-columns-2 .gallery-item,.elementor-image-gallery .gallery.gallery-columns-3 .gallery-item,.elementor-image-gallery .gallery.gallery-columns-4 .gallery-item,.elementor-image-gallery .gallery.gallery-columns-5 .gallery-item,.elementor-image-gallery .gallery.gallery-columns-6 .gallery-item,.elementor-image-gallery .gallery.gallery-columns-7 .gallery-item,.elementor-image-gallery .gallery.gallery-columns-8 .gallery-item,.elementor-image-gallery .gallery.gallery-columns-9 .gallery-item,.elementor-image-gallery .gallery.gallery-columns-10 .gallery-item{max-width:100%}}<\/style>\t\t<div class=\"elementor-image-gallery\">\n\t\t\t<div id='gallery-1' class='gallery galleryid-4128 gallery-columns-4 gallery-size-full'><figure class='gallery-item'>\n\t\t\t<div class='gallery-icon landscape'>\n\t\t\t\t<a data-elementor-open-lightbox=\"yes\" data-elementor-lightbox-slideshow=\"9ed4775\" data-elementor-lightbox-title=\"minasC1\" e-action-hash=\"#elementor-action%3Aaction%3Dlightbox%26settings%3DeyJpZCI6NDQzNiwidXJsIjoiaHR0cHM6XC9cL2V2ZW50b3NmY2RsbWcub3JnLmJyXC9jZTIwMjNcL3dwLWNvbnRlbnRcL3VwbG9hZHNcLzIwMjNcLzAyXC9taW5hc0MxLmpwZyIsInNsaWRlc2hvdyI6IjllZDQ3NzUifQ%3D%3D\" href='https:\/\/eventosfcdlmg.org.br\/ce2023\/wp-content\/uploads\/2023\/02\/minasC1.jpg'><img loading=\"lazy\" decoding=\"async\" width=\"1000\" height=\"568\" src=\"https:\/\/eventosfcdlmg.org.br\/ce2023\/wp-content\/uploads\/2023\/02\/minasC1.jpg\" class=\"attachment-full size-full\" alt=\"\" srcset=\"https:\/\/eventosfcdlmg.org.br\/ce2023\/wp-content\/uploads\/2023\/02\/minasC1.jpg 1000w, https:\/\/eventosfcdlmg.org.br\/ce2023\/wp-content\/uploads\/2023\/02\/minasC1-300x170.jpg 300w, https:\/\/eventosfcdlmg.org.br\/ce2023\/wp-content\/uploads\/2023\/02\/minasC1-300x170@2x.jpg 600w\" sizes=\"auto, (max-width: 1000px) 100vw, 1000px\" \/><\/a>\n\t\t\t<\/div><\/figure><figure class='gallery-item'>\n\t\t\t<div class='gallery-icon landscape'>\n\t\t\t\t<a data-elementor-open-lightbox=\"yes\" data-elementor-lightbox-slideshow=\"9ed4775\" data-elementor-lightbox-title=\"minasC2\" e-action-hash=\"#elementor-action%3Aaction%3Dlightbox%26settings%3DeyJpZCI6NDQzNywidXJsIjoiaHR0cHM6XC9cL2V2ZW50b3NmY2RsbWcub3JnLmJyXC9jZTIwMjNcL3dwLWNvbnRlbnRcL3VwbG9hZHNcLzIwMjNcLzAyXC9taW5hc0MyLmpwZyIsInNsaWRlc2hvdyI6IjllZDQ3NzUifQ%3D%3D\" href='https:\/\/eventosfcdlmg.org.br\/ce2023\/wp-content\/uploads\/2023\/02\/minasC2.jpg'><img loading=\"lazy\" decoding=\"async\" width=\"1000\" height=\"568\" src=\"https:\/\/eventosfcdlmg.org.br\/ce2023\/wp-content\/uploads\/2023\/02\/minasC2.jpg\" class=\"attachment-full size-full\" alt=\"\" srcset=\"https:\/\/eventosfcdlmg.org.br\/ce2023\/wp-content\/uploads\/2023\/02\/minasC2.jpg 1000w, https:\/\/eventosfcdlmg.org.br\/ce2023\/wp-content\/uploads\/2023\/02\/minasC2-300x170.jpg 300w, https:\/\/eventosfcdlmg.org.br\/ce2023\/wp-content\/uploads\/2023\/02\/minasC2-300x170@2x.jpg 600w\" sizes=\"auto, (max-width: 1000px) 100vw, 1000px\" \/><\/a>\n\t\t\t<\/div><\/figure><figure class='gallery-item'>\n\t\t\t<div class='gallery-icon landscape'>\n\t\t\t\t<a data-elementor-open-lightbox=\"yes\" data-elementor-lightbox-slideshow=\"9ed4775\" data-elementor-lightbox-title=\"minasC3\" e-action-hash=\"#elementor-action%3Aaction%3Dlightbox%26settings%3DeyJpZCI6NDQzOCwidXJsIjoiaHR0cHM6XC9cL2V2ZW50b3NmY2RsbWcub3JnLmJyXC9jZTIwMjNcL3dwLWNvbnRlbnRcL3VwbG9hZHNcLzIwMjNcLzAyXC9taW5hc0MzLmpwZyIsInNsaWRlc2hvdyI6IjllZDQ3NzUifQ%3D%3D\" href='https:\/\/eventosfcdlmg.org.br\/ce2023\/wp-content\/uploads\/2023\/02\/minasC3.jpg'><img loading=\"lazy\" decoding=\"async\" width=\"996\" height=\"568\" src=\"https:\/\/eventosfcdlmg.org.br\/ce2023\/wp-content\/uploads\/2023\/02\/minasC3.jpg\" class=\"attachment-full size-full\" alt=\"\" srcset=\"https:\/\/eventosfcdlmg.org.br\/ce2023\/wp-content\/uploads\/2023\/02\/minasC3.jpg 996w, https:\/\/eventosfcdlmg.org.br\/ce2023\/wp-content\/uploads\/2023\/02\/minasC3-300x171.jpg 300w, https:\/\/eventosfcdlmg.org.br\/ce2023\/wp-content\/uploads\/2023\/02\/minasC3-300x171@2x.jpg 600w\" sizes=\"auto, (max-width: 996px) 100vw, 996px\" \/><\/a>\n\t\t\t<\/div><\/figure><figure class='gallery-item'>\n\t\t\t<div class='gallery-icon landscape'>\n\t\t\t\t<a data-elementor-open-lightbox=\"yes\" data-elementor-lightbox-slideshow=\"9ed4775\" data-elementor-lightbox-title=\"minasC4\" e-action-hash=\"#elementor-action%3Aaction%3Dlightbox%26settings%3DeyJpZCI6NDQzOSwidXJsIjoiaHR0cHM6XC9cL2V2ZW50b3NmY2RsbWcub3JnLmJyXC9jZTIwMjNcL3dwLWNvbnRlbnRcL3VwbG9hZHNcLzIwMjNcLzAyXC9taW5hc0M0LmpwZyIsInNsaWRlc2hvdyI6IjllZDQ3NzUifQ%3D%3D\" href='https:\/\/eventosfcdlmg.org.br\/ce2023\/wp-content\/uploads\/2023\/02\/minasC4.jpg'><img loading=\"lazy\" decoding=\"async\" width=\"1000\" height=\"568\" src=\"https:\/\/eventosfcdlmg.org.br\/ce2023\/wp-content\/uploads\/2023\/02\/minasC4.jpg\" class=\"attachment-full size-full\" alt=\"\" srcset=\"https:\/\/eventosfcdlmg.org.br\/ce2023\/wp-content\/uploads\/2023\/02\/minasC4.jpg 1000w, https:\/\/eventosfcdlmg.org.br\/ce2023\/wp-content\/uploads\/2023\/02\/minasC4-300x170.jpg 300w, https:\/\/eventosfcdlmg.org.br\/ce2023\/wp-content\/uploads\/2023\/02\/minasC4-300x170@2x.jpg 600w\" sizes=\"auto, (max-width: 1000px) 100vw, 1000px\" \/><\/a>\n\t\t\t<\/div><\/figure>\n\t\t<\/div>\n\t\t<\/div>\n\t\t\t\t<\/div>\n\t\t\t\t<\/div>\n\t\t\t\t\t<\/div>\n\t\t<\/div>\n\t\t\t\t\t\t\t<\/div>\n\t\t<\/section>\n\t\t\t\t\t\t\t<\/div>\n\t\t","protected":false},"excerpt":{"rendered":"<p>Minascentro, Belo Horizonte Considerado patrim\u00f4nio municipal, o edif\u00edcio tem sua fachada tombada, mas seu interior \u00e9 vers\u00e1til, adapt\u00e1vel e preparado para abrigar eventos de diversos formatos. O evento ser\u00e1 realizado no Centro de Conven\u00e7\u00f5es do Minascentro, localizado no centro da cidade e ocupa um quarteir\u00e3o inteiro, entre as ruas Curitiba, Guajajaras, e Santa Catarina. Endere\u00e7o:&#8230;<\/p>\n","protected":false},"author":1,"featured_media":0,"parent":0,"menu_order":0,"comment_status":"closed","ping_status":"closed","template":"","meta":{"footnotes":""},"class_list":["post-4128","page","type-page","status-publish","hentry"],"_links":{"self":[{"href":"https:\/\/eventosfcdlmg.org.br\/ce2023\/wp-json\/wp\/v2\/pages\/4128","targetHints":{"allow":["GET"]}}],"collection":[{"href":"https:\/\/eventosfcdlmg.org.br\/ce2023\/wp-json\/wp\/v2\/pages"}],"about":[{"href":"https:\/\/eventosfcdlmg.org.br\/ce2023\/wp-json\/wp\/v2\/types\/page"}],"author":[{"embeddable":true,"href":"https:\/\/eventosfcdlmg.org.br\/ce2023\/wp-json\/wp\/v2\/users\/1"}],"replies":[{"embeddable":true,"href":"https:\/\/eventosfcdlmg.org.br\/ce2023\/wp-json\/wp\/v2\/comments?post=4128"}],"version-history":[{"count":34,"href":"https:\/\/eventosfcdlmg.org.br\/ce2023\/wp-json\/wp\/v2\/pages\/4128\/revisions"}],"predecessor-version":[{"id":4526,"href":"https:\/\/eventosfcdlmg.org.br\/ce2023\/wp-json\/wp\/v2\/pages\/4128\/revisions\/4526"}],"wp:attachment":[{"href":"https:\/\/eventosfcdlmg.org.br\/ce2023\/wp-json\/wp\/v2\/media?parent=4128"}],"curies":[{"name":"wp","href":"https:\/\/api.w.org\/{rel}","templated":true}]}}