{"id":1137,"date":"2018-07-02T07:46:56","date_gmt":"2018-07-02T10:46:56","guid":{"rendered":"https:\/\/radiustheme.com\/demo\/wordpress\/eventalk\/?page_id=1137"},"modified":"2025-06-04T11:00:08","modified_gmt":"2025-06-04T14:00:08","slug":"conheca-pocos-de-caldas","status":"publish","type":"page","link":"https:\/\/eventosfcdlmg.org.br\/ce2025\/conheca-pocos-de-caldas\/","title":{"rendered":"Conhe\u00e7a Po\u00e7os de Caldas"},"content":{"rendered":"\t\t<div data-elementor-type=\"wp-post\" data-elementor-id=\"1137\" class=\"elementor elementor-1137\">\n\t\t\t\t\t\t\t\t\t<section class=\"elementor-section elementor-top-section elementor-element elementor-element-370b444 elementor-section-boxed elementor-section-height-default elementor-section-height-default\" data-id=\"370b444\" data-element_type=\"section\">\n\t\t\t\t\t\t<div class=\"elementor-container elementor-column-gap-default\">\n\t\t\t\t\t<div class=\"elementor-column elementor-col-100 elementor-top-column elementor-element elementor-element-43ba9d9\" data-id=\"43ba9d9\" data-element_type=\"column\">\n\t\t\t<div class=\"elementor-widget-wrap elementor-element-populated\">\n\t\t\t\t\t\t\t\t<div class=\"elementor-element elementor-element-2e5b940 elementor-widget elementor-widget-image\" data-id=\"2e5b940\" data-element_type=\"widget\" data-widget_type=\"image.default\">\n\t\t\t\t<div class=\"elementor-widget-container\">\n\t\t\t<style>\/*! elementor - v3.7.8 - 02-10-2022 *\/\n.elementor-widget-image{text-align:center}.elementor-widget-image a{display:inline-block}.elementor-widget-image a img[src$=\".svg\"]{width:48px}.elementor-widget-image img{vertical-align:middle;display:inline-block}<\/style>\t\t\t\t\t\t\t\t\t\t\t\t\t<a href=\"https:\/\/ingressos.citur.com.br\/promo\/fcdl\" target=\"_blank\">\n\t\t\t\t\t\t\t<img loading=\"lazy\" decoding=\"async\" width=\"800\" height=\"200\" src=\"https:\/\/eventosfcdlmg.org.br\/ce2025\/wp-content\/uploads\/2025\/06\/800x200_ModalPopUp_PassaporteVarejo360_02.png\" class=\"attachment-full size-full\" alt=\"\" srcset=\"https:\/\/eventosfcdlmg.org.br\/ce2025\/wp-content\/uploads\/2025\/06\/800x200_ModalPopUp_PassaporteVarejo360_02.png 800w, https:\/\/eventosfcdlmg.org.br\/ce2025\/wp-content\/uploads\/2025\/06\/800x200_ModalPopUp_PassaporteVarejo360_02-300x75.png 300w\" sizes=\"auto, (max-width: 800px) 100vw, 800px\" \/>\t\t\t\t\t\t\t\t<\/a>\n\t\t\t\t\t\t\t\t\t\t\t\t\t\t\t<\/div>\n\t\t\t\t<\/div>\n\t\t\t\t\t<\/div>\n\t\t<\/div>\n\t\t\t\t\t\t\t<\/div>\n\t\t<\/section>\n\t\t\t\t<section class=\"elementor-section elementor-top-section elementor-element elementor-element-8bee099 elementor-section-boxed elementor-section-height-default elementor-section-height-default\" data-id=\"8bee099\" data-element_type=\"section\">\n\t\t\t\t\t\t<div class=\"elementor-container elementor-column-gap-default\">\n\t\t\t\t\t<div class=\"elementor-column elementor-col-100 elementor-top-column elementor-element elementor-element-b05ebb2\" data-id=\"b05ebb2\" data-element_type=\"column\">\n\t\t\t<div class=\"elementor-widget-wrap elementor-element-populated\">\n\t\t\t\t\t\t\t\t<div class=\"elementor-element elementor-element-b314ff8 elementor-widget elementor-widget-heading\" data-id=\"b314ff8\" data-element_type=\"widget\" data-widget_type=\"heading.default\">\n\t\t\t\t<div class=\"elementor-widget-container\">\n\t\t\t<style>\/*! elementor - v3.7.8 - 02-10-2022 *\/\n.elementor-heading-title{padding:0;margin:0;line-height:1}.elementor-widget-heading .elementor-heading-title[class*=elementor-size-]>a{color:inherit;font-size:inherit;line-height:inherit}.elementor-widget-heading .elementor-heading-title.elementor-size-small{font-size:15px}.elementor-widget-heading .elementor-heading-title.elementor-size-medium{font-size:19px}.elementor-widget-heading .elementor-heading-title.elementor-size-large{font-size:29px}.elementor-widget-heading .elementor-heading-title.elementor-size-xl{font-size:39px}.elementor-widget-heading .elementor-heading-title.elementor-size-xxl{font-size:59px}<\/style><h3 class=\"elementor-heading-title elementor-size-default\"><span style=\"font-weight: normal;\">Tradi\u00e7\u00e3o, bem-estar e encantamento em meio \u00e0s \u00e1guas termais<\/span><\/h3>\t\t<\/div>\n\t\t\t\t<\/div>\n\t\t\t\t\t<\/div>\n\t\t<\/div>\n\t\t\t\t\t\t\t<\/div>\n\t\t<\/section>\n\t\t\t\t<section class=\"elementor-section elementor-top-section elementor-element elementor-element-d4a1e56 elementor-section-boxed elementor-section-height-default elementor-section-height-default\" data-id=\"d4a1e56\" data-element_type=\"section\">\n\t\t\t\t\t\t<div class=\"elementor-container elementor-column-gap-default\">\n\t\t\t\t\t<div class=\"elementor-column elementor-col-33 elementor-top-column elementor-element elementor-element-6820ec0\" data-id=\"6820ec0\" data-element_type=\"column\">\n\t\t\t<div class=\"elementor-widget-wrap elementor-element-populated\">\n\t\t\t\t\t\t\t\t<div class=\"elementor-element elementor-element-c349dba elementor-invisible elementor-widget elementor-widget-image\" data-id=\"c349dba\" data-element_type=\"widget\" data-settings=\"{&quot;_animation&quot;:&quot;slideInRight&quot;}\" data-widget_type=\"image.default\">\n\t\t\t\t<div class=\"elementor-widget-container\">\n\t\t\t\t\t\t\t\t\t\t\t\t\t\t\t<img decoding=\"async\" src=\"https:\/\/eventosfcdlmg.org.br\/ce2025\/wp-content\/uploads\/elementor\/thumbs\/74526_pocos_de_caldas-r12qj5sog98m7tc78c8fqha5u7jyikh9cd21685bpk.jpg\" title=\"Eu amo Po\u00e7os de Caldas\" alt=\"Eu amo Po\u00e7os de Caldas\" class=\"elementor-animation-grow\" \/>\t\t\t\t\t\t\t\t\t\t\t\t\t\t\t<\/div>\n\t\t\t\t<\/div>\n\t\t\t\t\t<\/div>\n\t\t<\/div>\n\t\t\t\t<div class=\"elementor-column elementor-col-33 elementor-top-column elementor-element elementor-element-d6dee5f\" data-id=\"d6dee5f\" data-element_type=\"column\">\n\t\t\t<div class=\"elementor-widget-wrap elementor-element-populated\">\n\t\t\t\t\t\t\t\t<div class=\"elementor-element elementor-element-58391db elementor-invisible elementor-widget elementor-widget-image\" data-id=\"58391db\" data-element_type=\"widget\" data-settings=\"{&quot;_animation&quot;:&quot;slideInRight&quot;}\" data-widget_type=\"image.default\">\n\t\t\t\t<div class=\"elementor-widget-container\">\n\t\t\t\t\t\t\t\t\t\t\t\t\t\t\t<img decoding=\"async\" src=\"https:\/\/eventosfcdlmg.org.br\/ce2025\/wp-content\/uploads\/elementor\/thumbs\/68475_pocos_de_caldas-r12qidlir860jih5t01mnoec0ney3ndb8hhgrxb4w8.jpg\" title=\"Rel\u00f3gio floral\" alt=\"Rel\u00f3gio floral\" class=\"elementor-animation-grow\" \/>\t\t\t\t\t\t\t\t\t\t\t\t\t\t\t<\/div>\n\t\t\t\t<\/div>\n\t\t\t\t\t<\/div>\n\t\t<\/div>\n\t\t\t\t<div class=\"elementor-column elementor-col-33 elementor-top-column elementor-element elementor-element-ef911ac\" data-id=\"ef911ac\" data-element_type=\"column\">\n\t\t\t<div class=\"elementor-widget-wrap elementor-element-populated\">\n\t\t\t\t\t\t\t\t<div class=\"elementor-element elementor-element-ecda815 elementor-invisible elementor-widget elementor-widget-image\" data-id=\"ecda815\" data-element_type=\"widget\" data-settings=\"{&quot;_animation&quot;:&quot;slideInRight&quot;}\" data-widget_type=\"image.default\">\n\t\t\t\t<div class=\"elementor-widget-container\">\n\t\t\t\t\t\t\t\t\t\t\t\t\t\t\t<img decoding=\"async\" src=\"https:\/\/eventosfcdlmg.org.br\/ce2025\/wp-content\/uploads\/elementor\/thumbs\/84184_pocos_de_caldas-r12qihcvikb5tybp71o4xng6e6weyfs8l03ep15k7c.jpg\" title=\"Thermas Ant\u00f4nio Carlos\" alt=\"Thermas Ant\u00f4nio Carlos\" class=\"elementor-animation-grow\" \/>\t\t\t\t\t\t\t\t\t\t\t\t\t\t\t<\/div>\n\t\t\t\t<\/div>\n\t\t\t\t\t<\/div>\n\t\t<\/div>\n\t\t\t\t\t\t\t<\/div>\n\t\t<\/section>\n\t\t\t\t<section class=\"elementor-section elementor-top-section elementor-element elementor-element-9de60af elementor-section-boxed elementor-section-height-default elementor-section-height-default\" data-id=\"9de60af\" data-element_type=\"section\">\n\t\t\t\t\t\t<div class=\"elementor-container elementor-column-gap-default\">\n\t\t\t\t\t<div class=\"elementor-column elementor-col-100 elementor-top-column elementor-element elementor-element-64aa08d\" data-id=\"64aa08d\" data-element_type=\"column\">\n\t\t\t<div class=\"elementor-widget-wrap elementor-element-populated\">\n\t\t\t\t\t\t\t\t<div class=\"elementor-element elementor-element-9a123c9 elementor-widget elementor-widget-text-editor\" data-id=\"9a123c9\" data-element_type=\"widget\" data-widget_type=\"text-editor.default\">\n\t\t\t\t<div class=\"elementor-widget-container\">\n\t\t\t<style>\/*! elementor - v3.7.8 - 02-10-2022 *\/\n.elementor-widget-text-editor.elementor-drop-cap-view-stacked .elementor-drop-cap{background-color:#818a91;color:#fff}.elementor-widget-text-editor.elementor-drop-cap-view-framed .elementor-drop-cap{color:#818a91;border:3px solid;background-color:transparent}.elementor-widget-text-editor:not(.elementor-drop-cap-view-default) .elementor-drop-cap{margin-top:8px}.elementor-widget-text-editor:not(.elementor-drop-cap-view-default) .elementor-drop-cap-letter{width:1em;height:1em}.elementor-widget-text-editor .elementor-drop-cap{float:left;text-align:center;line-height:1;font-size:50px}.elementor-widget-text-editor .elementor-drop-cap-letter{display:inline-block}<\/style>\t\t\t\t<p>\u3164<\/p>\t\t\t\t\t\t<\/div>\n\t\t\t\t<\/div>\n\t\t\t\t\t<\/div>\n\t\t<\/div>\n\t\t\t\t\t\t\t<\/div>\n\t\t<\/section>\n\t\t\t\t<section class=\"elementor-section elementor-top-section elementor-element elementor-element-a13395e elementor-section-boxed elementor-section-height-default elementor-section-height-default\" data-id=\"a13395e\" data-element_type=\"section\">\n\t\t\t\t\t\t<div class=\"elementor-container elementor-column-gap-default\">\n\t\t\t\t\t<div class=\"elementor-column elementor-col-50 elementor-top-column elementor-element elementor-element-86e1f6e\" data-id=\"86e1f6e\" data-element_type=\"column\">\n\t\t\t<div class=\"elementor-widget-wrap elementor-element-populated\">\n\t\t\t\t\t\t\t\t<div class=\"elementor-element elementor-element-1d11d82 elementor-aspect-ratio-32 animated-slow elementor-invisible elementor-widget elementor-widget-video\" data-id=\"1d11d82\" data-element_type=\"widget\" data-settings=\"{&quot;youtube_url&quot;:&quot;https:\\\/\\\/www.youtube.com\\\/watch?v=79QrR8d3EVQ&quot;,&quot;aspect_ratio&quot;:&quot;32&quot;,&quot;_animation&quot;:&quot;bounceIn&quot;,&quot;_animation_delay&quot;:1000,&quot;video_type&quot;:&quot;youtube&quot;,&quot;controls&quot;:&quot;yes&quot;}\" data-widget_type=\"video.default\">\n\t\t\t\t<div class=\"elementor-widget-container\">\n\t\t\t<style>\/*! elementor - v3.7.8 - 02-10-2022 *\/\n.elementor-widget-video .elementor-widget-container{overflow:hidden;-webkit-transform:translateZ(0);transform:translateZ(0)}.elementor-widget-video .elementor-open-inline .elementor-custom-embed-image-overlay{position:absolute;top:0;left:0;width:100%;height:100%;background-size:cover;background-position:50%}.elementor-widget-video .elementor-custom-embed-image-overlay{cursor:pointer;text-align:center}.elementor-widget-video .elementor-custom-embed-image-overlay:hover .elementor-custom-embed-play i{opacity:1}.elementor-widget-video .elementor-custom-embed-image-overlay img{display:block;width:100%}.elementor-widget-video .e-hosted-video .elementor-video{-o-object-fit:cover;object-fit:cover}.e-container>.elementor-widget-video{width:var(--container-widget-width,100%)}<\/style>\t\t<div class=\"elementor-wrapper elementor-fit-aspect-ratio elementor-open-inline\">\n\t\t\t<div class=\"elementor-video\"><\/div>\t\t<\/div>\n\t\t\t\t<\/div>\n\t\t\t\t<\/div>\n\t\t\t\t\t<\/div>\n\t\t<\/div>\n\t\t\t\t<div class=\"elementor-column elementor-col-50 elementor-top-column elementor-element elementor-element-fa43a1f\" data-id=\"fa43a1f\" data-element_type=\"column\">\n\t\t\t<div class=\"elementor-widget-wrap elementor-element-populated\">\n\t\t\t\t\t\t\t\t<div class=\"elementor-element elementor-element-4d9c759 elementor-widget elementor-widget-text-editor\" data-id=\"4d9c759\" data-element_type=\"widget\" data-widget_type=\"text-editor.default\">\n\t\t\t\t<div class=\"elementor-widget-container\">\n\t\t\t\t\t\t\t<p style=\"text-align: left;\"><span style=\"color: #000000;\"><span style=\"font-family: montserrat, sans-serif; text-align: start;\">C<\/span>ercada pela Serra da Mantiqueira, a cidade encanta por suas belezas naturais.\u00a0<\/span><span style=\"color: #000000; text-align: center;\">\u00c9 o <b>15\u00ba munic\u00edpio mais populoso<\/b> do Estado com mais de 163 mil habitantes. Uma curiosidade: \u00e9 a <b>primeira cidade do Brasil e a \u00fanica fora da Europa a integrar uma rota termal internacional.<\/b><\/span><\/p><p style=\"text-align: left;\">Assista ao v\u00eddeo e <b>admire os destaques<\/b> desta cidade encantadora, que tem seu <strong>charme inconfund\u00edvel<\/strong>, tornando-se um dos destinos mais <strong>encantadores<\/strong> de Minas.<\/p>\t\t\t\t\t\t<\/div>\n\t\t\t\t<\/div>\n\t\t\t\t\t<\/div>\n\t\t<\/div>\n\t\t\t\t\t\t\t<\/div>\n\t\t<\/section>\n\t\t\t\t<section class=\"elementor-section elementor-top-section elementor-element elementor-element-cfc0f0b elementor-section-boxed elementor-section-height-default elementor-section-height-default\" data-id=\"cfc0f0b\" data-element_type=\"section\">\n\t\t\t\t\t\t<div class=\"elementor-container elementor-column-gap-default\">\n\t\t\t\t\t<div class=\"elementor-column elementor-col-100 elementor-top-column elementor-element elementor-element-fc4d0da\" data-id=\"fc4d0da\" data-element_type=\"column\">\n\t\t\t<div class=\"elementor-widget-wrap elementor-element-populated\">\n\t\t\t\t\t\t\t\t<div class=\"elementor-element elementor-element-26fbaf8 elementor-widget elementor-widget-heading\" data-id=\"26fbaf8\" data-element_type=\"widget\" data-widget_type=\"heading.default\">\n\t\t\t\t<div class=\"elementor-widget-container\">\n\t\t\t<h2 class=\"elementor-heading-title elementor-size-default\"><b>Varejo + turismo = experi\u00eancia completa!<\/b><\/h2>\t\t<\/div>\n\t\t\t\t<\/div>\n\t\t\t\t<div class=\"elementor-element elementor-element-cd0282c elementor-widget elementor-widget-text-editor\" data-id=\"cd0282c\" data-element_type=\"widget\" data-widget_type=\"text-editor.default\">\n\t\t\t\t<div class=\"elementor-widget-container\">\n\t\t\t\t\t\t\t<p style=\"text-align: center;\"><span style=\"color: #333333;\">O turismo \u00e9 um impulsionador natural do varejo, gerando fluxo de visitantes e aquecendo a economia local. <br \/>A experi\u00eancia se torna ainda mais rica quando combinamos compras, cultura e lazer. <br \/><\/span><\/p><p style=\"text-align: center;\"><span style=\"color: #333333;\"><strong>Durante o evento, os participantes da CE25, ter\u00e3o valores exclusivos para conhecer os principais atrativos da cidade.<\/strong><\/span><\/p>\t\t\t\t\t\t<\/div>\n\t\t\t\t<\/div>\n\t\t\t\t\t<\/div>\n\t\t<\/div>\n\t\t\t\t\t\t\t<\/div>\n\t\t<\/section>\n\t\t\t\t<section class=\"elementor-section elementor-top-section elementor-element elementor-element-f6a50de elementor-section-boxed elementor-section-height-default elementor-section-height-default\" data-id=\"f6a50de\" data-element_type=\"section\">\n\t\t\t\t\t\t<div class=\"elementor-container elementor-column-gap-default\">\n\t\t\t\t\t<div class=\"elementor-column elementor-col-50 elementor-top-column elementor-element elementor-element-ba857df\" data-id=\"ba857df\" data-element_type=\"column\">\n\t\t\t<div class=\"elementor-widget-wrap elementor-element-populated\">\n\t\t\t\t\t\t\t\t<div class=\"elementor-element elementor-element-d129c54 elementor-widget elementor-widget-image\" data-id=\"d129c54\" data-element_type=\"widget\" data-widget_type=\"image.default\">\n\t\t\t\t<div class=\"elementor-widget-container\">\n\t\t\t\t\t\t\t\t\t\t\t\t\t\t\t<img decoding=\"async\" src=\"https:\/\/eventosfcdlmg.org.br\/ce2025\/wp-content\/uploads\/elementor\/thumbs\/Telefe\u0301rico-r14ei84z58duhwt8ys8tp3bwm7bktpaifcwkiws7ew.jpg\" title=\"Telefe\u0301rico\" alt=\"Telefe\u0301rico\" class=\"elementor-animation-shrink\" \/>\t\t\t\t\t\t\t\t\t\t\t\t\t\t\t<\/div>\n\t\t\t\t<\/div>\n\t\t\t\t<div class=\"elementor-element elementor-element-53adb70 elementor-widget elementor-widget-heading\" data-id=\"53adb70\" data-element_type=\"widget\" data-widget_type=\"heading.default\">\n\t\t\t\t<div class=\"elementor-widget-container\">\n\t\t\t<h2 class=\"elementor-heading-title elementor-size-medium\">O Telef\u00e9rico mais extenso do Brasil<\/h2>\t\t<\/div>\n\t\t\t\t<\/div>\n\t\t\t\t\t<\/div>\n\t\t<\/div>\n\t\t\t\t<div class=\"elementor-column elementor-col-50 elementor-top-column elementor-element elementor-element-ae8d85f\" data-id=\"ae8d85f\" data-element_type=\"column\">\n\t\t\t<div class=\"elementor-widget-wrap elementor-element-populated\">\n\t\t\t\t\t\t\t\t<div class=\"elementor-element elementor-element-7a2df84 elementor-widget elementor-widget-image\" data-id=\"7a2df84\" data-element_type=\"widget\" data-widget_type=\"image.default\">\n\t\t\t\t<div class=\"elementor-widget-container\">\n\t\t\t\t\t\t\t\t\t\t\t\t\t\t\t<img decoding=\"async\" src=\"https:\/\/eventosfcdlmg.org.br\/ce2025\/wp-content\/uploads\/elementor\/thumbs\/VE\u0301U-r14eicu63eka3ymf7c9yjk57l4oew6t6405zxal8js.jpg\" title=\"VE\u0301U\" alt=\"VE\u0301U\" class=\"elementor-animation-shrink\" \/>\t\t\t\t\t\t\t\t\t\t\t\t\t\t\t<\/div>\n\t\t\t\t<\/div>\n\t\t\t\t<div class=\"elementor-element elementor-element-f1adaa4 elementor-widget elementor-widget-heading\" data-id=\"f1adaa4\" data-element_type=\"widget\" data-widget_type=\"heading.default\">\n\t\t\t\t<div class=\"elementor-widget-container\">\n\t\t\t<h2 class=\"elementor-heading-title elementor-size-medium\">Complexo V\u00e9u das Noivas<\/h2>\t\t<\/div>\n\t\t\t\t<\/div>\n\t\t\t\t\t<\/div>\n\t\t<\/div>\n\t\t\t\t\t\t\t<\/div>\n\t\t<\/section>\n\t\t\t\t<section class=\"elementor-section elementor-top-section elementor-element elementor-element-867bca8 elementor-section-boxed elementor-section-height-default elementor-section-height-default\" data-id=\"867bca8\" data-element_type=\"section\">\n\t\t\t\t\t\t<div class=\"elementor-container elementor-column-gap-default\">\n\t\t\t\t\t<div class=\"elementor-column elementor-col-50 elementor-top-column elementor-element elementor-element-fbc7ed1\" data-id=\"fbc7ed1\" data-element_type=\"column\">\n\t\t\t<div class=\"elementor-widget-wrap elementor-element-populated\">\n\t\t\t\t\t\t\t\t<div class=\"elementor-element elementor-element-a54793b elementor-widget elementor-widget-image\" data-id=\"a54793b\" data-element_type=\"widget\" data-widget_type=\"image.default\">\n\t\t\t\t<div class=\"elementor-widget-container\">\n\t\t\t\t\t\t\t\t\t\t\t\t\t\t\t<img decoding=\"async\" src=\"https:\/\/eventosfcdlmg.org.br\/ce2025\/wp-content\/uploads\/elementor\/thumbs\/Zoo-r14ejl0l0m8r9mu91ddfaqzvi8mnxyojy2ttharqfc.jpg\" title=\"Zoo\" alt=\"Zoo\" class=\"elementor-animation-shrink\" \/>\t\t\t\t\t\t\t\t\t\t\t\t\t\t\t<\/div>\n\t\t\t\t<\/div>\n\t\t\t\t<div class=\"elementor-element elementor-element-7524b65 elementor-widget elementor-widget-heading\" data-id=\"7524b65\" data-element_type=\"widget\" data-widget_type=\"heading.default\">\n\t\t\t\t<div class=\"elementor-widget-container\">\n\t\t\t<h2 class=\"elementor-heading-title elementor-size-medium\">Zoo das Aves<\/h2>\t\t<\/div>\n\t\t\t\t<\/div>\n\t\t\t\t\t<\/div>\n\t\t<\/div>\n\t\t\t\t<div class=\"elementor-column elementor-col-50 elementor-top-column elementor-element elementor-element-b4be44c\" data-id=\"b4be44c\" data-element_type=\"column\">\n\t\t\t<div class=\"elementor-widget-wrap elementor-element-populated\">\n\t\t\t\t\t\t\t\t<div class=\"elementor-element elementor-element-2ab56bd elementor-widget elementor-widget-image\" data-id=\"2ab56bd\" data-element_type=\"widget\" data-widget_type=\"image.default\">\n\t\t\t\t<div class=\"elementor-widget-container\">\n\t\t\t\t\t\t\t\t\t\t\t\t\t\t\t<img decoding=\"async\" src=\"https:\/\/eventosfcdlmg.org.br\/ce2025\/wp-content\/uploads\/elementor\/thumbs\/Recanto-r14ejbm749vw1j7wk9b5ltd9kdwzszn8ksayoj5o5k.png\" title=\"Recanto\" alt=\"Recanto\" class=\"elementor-animation-shrink\" \/>\t\t\t\t\t\t\t\t\t\t\t\t\t\t\t<\/div>\n\t\t\t\t<\/div>\n\t\t\t\t<div class=\"elementor-element elementor-element-619479f elementor-widget elementor-widget-heading\" data-id=\"619479f\" data-element_type=\"widget\" data-widget_type=\"heading.default\">\n\t\t\t\t<div class=\"elementor-widget-container\">\n\t\t\t<h2 class=\"elementor-heading-title elementor-size-medium\">Recanto Japon\u00eas<\/h2>\t\t<\/div>\n\t\t\t\t<\/div>\n\t\t\t\t\t<\/div>\n\t\t<\/div>\n\t\t\t\t\t\t\t<\/div>\n\t\t<\/section>\n\t\t\t\t<section class=\"elementor-section elementor-top-section elementor-element elementor-element-bea5ed8 elementor-section-boxed elementor-section-height-default elementor-section-height-default\" data-id=\"bea5ed8\" data-element_type=\"section\">\n\t\t\t\t\t\t<div class=\"elementor-container elementor-column-gap-default\">\n\t\t\t\t\t<div class=\"elementor-column elementor-col-50 elementor-top-column elementor-element elementor-element-8de2d48\" data-id=\"8de2d48\" data-element_type=\"column\">\n\t\t\t<div class=\"elementor-widget-wrap elementor-element-populated\">\n\t\t\t\t\t\t\t\t<div class=\"elementor-element elementor-element-2086422 elementor-widget elementor-widget-image\" data-id=\"2086422\" data-element_type=\"widget\" data-widget_type=\"image.default\">\n\t\t\t\t<div class=\"elementor-widget-container\">\n\t\t\t\t\t\t\t\t\t\t\t\t\t\t\t<img decoding=\"async\" src=\"https:\/\/eventosfcdlmg.org.br\/ce2025\/wp-content\/uploads\/elementor\/thumbs\/FONTE-r14ej6x063pgfheqbpa0rcjylgk5qi4kw51ja5cn0o.jpg\" title=\"FONTE\" alt=\"FONTE\" class=\"elementor-animation-shrink\" \/>\t\t\t\t\t\t\t\t\t\t\t\t\t\t\t<\/div>\n\t\t\t\t<\/div>\n\t\t\t\t<div class=\"elementor-element elementor-element-f749d2b elementor-widget elementor-widget-heading\" data-id=\"f749d2b\" data-element_type=\"widget\" data-widget_type=\"heading.default\">\n\t\t\t\t<div class=\"elementor-widget-container\">\n\t\t\t<h2 class=\"elementor-heading-title elementor-size-medium\">Fonte dos Amores<\/h2>\t\t<\/div>\n\t\t\t\t<\/div>\n\t\t\t\t\t<\/div>\n\t\t<\/div>\n\t\t\t\t<div class=\"elementor-column elementor-col-50 elementor-top-column elementor-element elementor-element-603f236\" data-id=\"603f236\" data-element_type=\"column\">\n\t\t\t<div class=\"elementor-widget-wrap elementor-element-populated\">\n\t\t\t\t\t\t\t\t<div class=\"elementor-element elementor-element-c3afcaa elementor-widget elementor-widget-image\" data-id=\"c3afcaa\" data-element_type=\"widget\" data-widget_type=\"image.default\">\n\t\t\t\t<div class=\"elementor-widget-container\">\n\t\t\t\t\t\t\t\t\t\t\t\t\t\t\t<img decoding=\"async\" src=\"https:\/\/eventosfcdlmg.org.br\/ce2025\/wp-content\/uploads\/elementor\/thumbs\/Cristo-scaled-r14ej35nerkb51k6xnnihdi47x2ovppnjmfld1i7pk.jpg\" title=\"Cristo\" alt=\"Cristo\" class=\"elementor-animation-shrink\" \/>\t\t\t\t\t\t\t\t\t\t\t\t\t\t\t<\/div>\n\t\t\t\t<\/div>\n\t\t\t\t<div class=\"elementor-element elementor-element-b148e62 elementor-widget elementor-widget-heading\" data-id=\"b148e62\" data-element_type=\"widget\" data-widget_type=\"heading.default\">\n\t\t\t\t<div class=\"elementor-widget-container\">\n\t\t\t<h2 class=\"elementor-heading-title elementor-size-medium\">Parque do Cristo<\/h2>\t\t<\/div>\n\t\t\t\t<\/div>\n\t\t\t\t\t<\/div>\n\t\t<\/div>\n\t\t\t\t\t\t\t<\/div>\n\t\t<\/section>\n\t\t\t\t<section class=\"elementor-section elementor-top-section elementor-element elementor-element-380b8d7 elementor-section-boxed elementor-section-height-default elementor-section-height-default\" data-id=\"380b8d7\" data-element_type=\"section\">\n\t\t\t\t\t\t<div class=\"elementor-container elementor-column-gap-default\">\n\t\t\t\t\t<div class=\"elementor-column elementor-col-50 elementor-top-column elementor-element elementor-element-e4fc732\" data-id=\"e4fc732\" data-element_type=\"column\">\n\t\t\t<div class=\"elementor-widget-wrap elementor-element-populated\">\n\t\t\t\t\t\t\t\t<div class=\"elementor-element elementor-element-787d934 elementor-widget elementor-widget-image\" data-id=\"787d934\" data-element_type=\"widget\" data-widget_type=\"image.default\">\n\t\t\t\t<div class=\"elementor-widget-container\">\n\t\t\t\t\t\t\t\t\t\t\t\t\t\t\t<img decoding=\"async\" src=\"https:\/\/eventosfcdlmg.org.br\/ce2025\/wp-content\/uploads\/elementor\/thumbs\/Rampa-r14eilapswvv0ga4txxlo00cxliptgqr561d8s8ozs.jpg\" title=\"Rampa\" alt=\"Rampa\" class=\"elementor-animation-shrink\" \/>\t\t\t\t\t\t\t\t\t\t\t\t\t\t\t<\/div>\n\t\t\t\t<\/div>\n\t\t\t\t<div class=\"elementor-element elementor-element-8a7b002 elementor-widget elementor-widget-heading\" data-id=\"8a7b002\" data-element_type=\"widget\" data-widget_type=\"heading.default\">\n\t\t\t\t<div class=\"elementor-widget-container\">\n\t\t\t<h2 class=\"elementor-heading-title elementor-size-medium\">Rampa do Cristo<\/h2>\t\t<\/div>\n\t\t\t\t<\/div>\n\t\t\t\t\t<\/div>\n\t\t<\/div>\n\t\t\t\t<div class=\"elementor-column elementor-col-50 elementor-top-column elementor-element elementor-element-d059b64\" data-id=\"d059b64\" data-element_type=\"column\">\n\t\t\t<div class=\"elementor-widget-wrap elementor-element-populated\">\n\t\t\t\t\t\t\t\t<div class=\"elementor-element elementor-element-17f60c9 elementor-widget elementor-widget-image\" data-id=\"17f60c9\" data-element_type=\"widget\" data-widget_type=\"image.default\">\n\t\t\t\t<div class=\"elementor-widget-container\">\n\t\t\t\t\t\t\t\t\t\t\t\t\t\t\t<img decoding=\"async\" src=\"https:\/\/eventosfcdlmg.org.br\/ce2025\/wp-content\/uploads\/elementor\/thumbs\/CASCATA-r14eiih78es01me8aeppyipz5fwm6dfk4s2wsycvig.jpg\" title=\"CASCATA\" alt=\"CASCATA\" class=\"elementor-animation-shrink\" \/>\t\t\t\t\t\t\t\t\t\t\t\t\t\t\t<\/div>\n\t\t\t\t<\/div>\n\t\t\t\t<div class=\"elementor-element elementor-element-c342d00 elementor-widget elementor-widget-heading\" data-id=\"c342d00\" data-element_type=\"widget\" data-widget_type=\"heading.default\">\n\t\t\t\t<div class=\"elementor-widget-container\">\n\t\t\t<h2 class=\"elementor-heading-title elementor-size-medium\">Cascata das Antas<\/h2>\t\t<\/div>\n\t\t\t\t<\/div>\n\t\t\t\t\t<\/div>\n\t\t<\/div>\n\t\t\t\t\t\t\t<\/div>\n\t\t<\/section>\n\t\t\t\t\t\t\t<\/div>\n\t\t","protected":false},"excerpt":{"rendered":"<p>Tradi\u00e7\u00e3o, bem-estar e encantamento em meio \u00e0s \u00e1guas termais \u3164 https:\/\/www.youtube.com\/watch?v=79QrR8d3EVQ Cercada pela Serra da Mantiqueira, a cidade encanta por suas belezas naturais.\u00a0\u00c9 o 15\u00ba munic\u00edpio mais populoso do Estado com mais de 163 mil habitantes. Uma curiosidade: \u00e9 a primeira cidade do Brasil e a \u00fanica fora da Europa a integrar uma rota termal&#8230;<\/p>\n","protected":false},"author":1,"featured_media":0,"parent":0,"menu_order":0,"comment_status":"closed","ping_status":"closed","template":"","meta":{"footnotes":""},"class_list":["post-1137","page","type-page","status-publish","hentry"],"_links":{"self":[{"href":"https:\/\/eventosfcdlmg.org.br\/ce2025\/wp-json\/wp\/v2\/pages\/1137","targetHints":{"allow":["GET"]}}],"collection":[{"href":"https:\/\/eventosfcdlmg.org.br\/ce2025\/wp-json\/wp\/v2\/pages"}],"about":[{"href":"https:\/\/eventosfcdlmg.org.br\/ce2025\/wp-json\/wp\/v2\/types\/page"}],"author":[{"embeddable":true,"href":"https:\/\/eventosfcdlmg.org.br\/ce2025\/wp-json\/wp\/v2\/users\/1"}],"replies":[{"embeddable":true,"href":"https:\/\/eventosfcdlmg.org.br\/ce2025\/wp-json\/wp\/v2\/comments?post=1137"}],"version-history":[{"count":225,"href":"https:\/\/eventosfcdlmg.org.br\/ce2025\/wp-json\/wp\/v2\/pages\/1137\/revisions"}],"predecessor-version":[{"id":7514,"href":"https:\/\/eventosfcdlmg.org.br\/ce2025\/wp-json\/wp\/v2\/pages\/1137\/revisions\/7514"}],"wp:attachment":[{"href":"https:\/\/eventosfcdlmg.org.br\/ce2025\/wp-json\/wp\/v2\/media?parent=1137"}],"curies":[{"name":"wp","href":"https:\/\/api.w.org\/{rel}","templated":true}]}}